{"id":615,"date":"2025-10-30T14:05:02","date_gmt":"2025-10-30T13:05:02","guid":{"rendered":"https:\/\/www.iwt.gmbh\/?page_id=615"},"modified":"2025-10-30T14:39:00","modified_gmt":"2025-10-30T13:39:00","slug":"vertrieb","status":"publish","type":"page","link":"https:\/\/www.iwt.gmbh\/de\/vertrieb\/","title":{"rendered":"Vertrieb"},"content":{"rendered":"<div  class='flex_column av-mhdfz87l-0102e7e050b42b0fd886e7941ad93e61 av_four_fifth  avia-builder-el-0  avia-builder-el-no-sibling  first flex_column_div  '     ><section  class='av_textblock_section av-mhdg0x56-327b33c52f3dea376d0a10b418793ef6 '   itemscope=\"itemscope\" itemtype=\"https:\/\/schema.org\/CreativeWork\" ><div class='avia_textblock'  itemprop=\"text\" ><h2>Wichtige Information zu unseren Partnern und lizenzierten Ersatzteilen<\/h2>\n<div><\/div>\n<div>Unsere autorisierten Partner besitzen die exklusiven Rechte, unsere Maschinen zu vertreiben, Reparaturen durchzuf\u00fchren und mit Originalersatzteilen zu handeln.<\/div>\n<div><\/div>\n<div><\/div>\n<div>Wir m\u00f6chten darauf hinweisen, dass ausschlie\u00dflich die unten aufgelisteten Firmen berechtigt sind, Originalbauteile und lizenzierten Service anzubieten. Der Einsatz von nicht lizenzierten Teilen oder Serviceanbietern kann die Leistung und Sicherheit unserer Maschinen beeintr\u00e4chtigen und wird nicht von der IWT GmbH unterst\u00fctzt.<\/div>\n<div><\/div>\n<div><\/div>\n<div><\/div>\n<div><\/div>\n<\/div><\/section><br \/>\n<section  class='av_textblock_section av-mhdh0a9f-839eb5273b2b9c003ea80a678d49d4bc '   itemscope=\"itemscope\" itemtype=\"https:\/\/schema.org\/CreativeWork\" ><div class='avia_textblock'  itemprop=\"text\" ><p>Wir haben erfahren, dass auch nicht autorisierte, nicht von IWT GmbH lizenzierte Dritte, mit Ersatzteilen handeln und Serviceleistungen anbieten. Wir weisen ausdr\u00fccklich darauf hin, dass Sie als Kunde jeglichen Gew\u00e4hrleistungsanspruch verlieren, wenn wir feststellen, dass an Ihrer Maschine Ver\u00e4nderungen durch nicht autorisierten Dritte vorgenommen wurden, bzw. nicht lizenzierte Ersatzteile verwendet werden.<\/p>\n<\/div><\/section><br \/>\n<section  class='av_textblock_section av-mhdgw3qu-461adfbd65afad5ff82b40665811db78 '   itemscope=\"itemscope\" itemtype=\"https:\/\/schema.org\/CreativeWork\" ><div class='avia_textblock'  itemprop=\"text\" ><div>Wir m\u00f6chten darauf hinweisen, dass ausschlie\u00dflich die unten aufgelisteten Firmen berechtigt sind, Originalbauteile und lizenzierten<\/div>\n<div>Service anzubieten. Der Einsatz von nicht lizenzierten Teilen oder Serviceanbietern kann die Leistung und Sicherheit unserer Maschinen beeintr\u00e4chtigen und ist nicht von der IWT GmbH freigegeben.<\/div>\n<\/div><\/section><br \/>\n<div  class='hr av-av_hr-bca31578670ae9d408d6d6d291fc57a6 hr-default  avia-builder-el-4  el_after_av_textblock  el_before_av_textblock '><span class='hr-inner '><span class=\"hr-inner-style\"><\/span><\/span><\/div><br \/>\n<section  class='av_textblock_section av-mhdg23i8-399431e08c9a7f6bc16c61af71853245 '   itemscope=\"itemscope\" itemtype=\"https:\/\/schema.org\/CreativeWork\" ><div class='avia_textblock'  itemprop=\"text\" ><h2>Liste der autorisierten Partner<\/h2>\n<\/div><\/section><br \/>\n<div class='avia-data-table-wrap av-av_table-b0cc530902c612283bbc655ce793c789 avia_responsive_table avia-table-1'><table  class='avia-table avia-data-table avia_pricing_default  avia-builder-el-6  el_after_av_textblock  avia-builder-el-last '  itemscope=\"itemscope\" itemtype=\"https:\/\/schema.org\/Table\" ><tbody><tr class='avia-heading-row'><th class=''>Name<\/th><th class=''>Leistung<\/th><th class=''>Region<\/th><\/tr><tr class=''><td class=''>Gr\u00fcndler Elektromechanik<br \/>\nWaldau<br \/>\nGewerbegebiet Im Horn 4<br \/>\n98553 Schleusingen<br \/>\nT.: 036878-20455<br \/>\nF.: 036878-20456<br \/>\nMail: em.cg@t-online.de<\/td><td class=''>Verkauf von Maschinen<br \/>\nReparatur inkl. Au\u00dfendienst vor Ort<br \/>\nErsatzteilhandel von Originalteilen<\/td><td class=''>Deutschland<br \/>\nD\u00e4nemark<br \/>\nSchweden<br \/>\nNorwegen<br \/>\nFinnland<br \/>\nEstland<br \/>\nLettland<br \/>\nLitauen<\/td><\/tr><tr class=''><td class=''>Hinzmann GmbH<br \/>\nHohenstoffeln Stra\u00dfe 1<br \/>\nD-78315 Radolfzell am Bodensee<br \/>\nGermany<br \/>\n\u00a0Tel +49 7732 61 61\u00a0<br \/>\ninfo@wickelmaschinen.com<br \/>\n<\/td><td class=''>Verkauf von Maschinen<br \/>\nErsatzteilhandel von Originalteilen<\/td><td class=''>Deutschland<br \/>\nSchweiz<\/td><\/tr><tr class=''><td class=''>Maldon Machinery Servces Limited<br \/>\nUnit 2, Mayfair Industrial Estate<br \/>\nMaldon Road<br \/>\nLatchingdon<br \/>\nEssex<br \/>\nCM3 6LF<br \/>\nUnited Kingdom<br \/>\ne-mail: info@mm-services.uk<br \/>\nTelephone \u2013 01621 736500<br \/>\nMobile &#8211; 07852211391<\/td><td class=''>Verkauf von Maschinen<br \/>\nReparatur inkl. Au\u00dfendienst vor Ort<br \/>\nErsatzteilhandel von Originalteilen<\/td><td class=''>England<br \/>\nIrland<br \/>\nSchottland<\/td><\/tr><tr class=''><td class=''>AGEMO<br \/>\n750, Avenue Doct. J. Bru<br \/>\n47000 AGEN<br \/>\nFrankreich<br \/>\n+33 6 14 43 30 12<br \/>\np.kirch@alphitan.com<br \/>\nhttp:\/\/www.alphitan.com\/agemo\/<\/td><td class=''>Verkauf von Maschinen<br \/>\nErsatzteilhandel von Originalteilen<\/td><td class=''>Frankreich<br \/>\nTunesien<br \/>\nfranz\u00f6sisch sprachiger Raum<\/td><\/tr><tr class=''><td class=''>CMS INTERNATIONAL MACHINERY &#038; TECHNOLOGY CO., LTD<br \/>\n2nd Floor, At Building, No. 9, Alley 7<br \/>\nLe Duc Tho Street, My Dinh 2 Ward<br \/>\nNam Tu Liem District, Hanoi City, Vietnam<\/td><td class=''>Verkauf von Maschinen<br \/>\nErsatzteilhandel von Originalteilen<br \/>\n<\/td><td class=''>Vietnam<\/td><\/tr><\/tbody><\/table><\/div><style type='text\/css'>.avia-table-1 td:nth-of-type(1):before { content: 'Name'; } .avia-table-1 td:nth-of-type(2):before { content: 'Leistung'; } .avia-table-1 td:nth-of-type(3):before { content: 'Region'; } <\/style><\/p><\/div>\n","protected":false},"excerpt":{"rendered":"","protected":false},"author":1,"featured_media":0,"parent":0,"menu_order":0,"comment_status":"closed","ping_status":"closed","template":"","meta":{"footnotes":""},"class_list":["post-615","page","type-page","status-publish","hentry"],"_links":{"self":[{"href":"https:\/\/www.iwt.gmbh\/de\/wp-json\/wp\/v2\/pages\/615","targetHints":{"allow":["GET"]}}],"collection":[{"href":"https:\/\/www.iwt.gmbh\/de\/wp-json\/wp\/v2\/pages"}],"about":[{"href":"https:\/\/www.iwt.gmbh\/de\/wp-json\/wp\/v2\/types\/page"}],"author":[{"embeddable":true,"href":"https:\/\/www.iwt.gmbh\/de\/wp-json\/wp\/v2\/users\/1"}],"replies":[{"embeddable":true,"href":"https:\/\/www.iwt.gmbh\/de\/wp-json\/wp\/v2\/comments?post=615"}],"version-history":[{"count":13,"href":"https:\/\/www.iwt.gmbh\/de\/wp-json\/wp\/v2\/pages\/615\/revisions"}],"predecessor-version":[{"id":635,"href":"https:\/\/www.iwt.gmbh\/de\/wp-json\/wp\/v2\/pages\/615\/revisions\/635"}],"wp:attachment":[{"href":"https:\/\/www.iwt.gmbh\/de\/wp-json\/wp\/v2\/media?parent=615"}],"curies":[{"name":"wp","href":"https:\/\/api.w.org\/{rel}","templated":true}]}}