{"id":383,"date":"2018-11-22T21:45:25","date_gmt":"2018-11-22T20:45:25","guid":{"rendered":"https:\/\/web.friedrich-cnc.de\/?page_id=383"},"modified":"2024-01-09T10:05:09","modified_gmt":"2024-01-09T09:05:09","slug":"services","status":"publish","type":"page","link":"https:\/\/www.iwt.gmbh\/de\/services\/","title":{"rendered":"Leistungen"},"content":{"rendered":"\n\n[av_heading heading='Lagewickeltechnik' tag='h3' style='' subheading_active='' show_icon='' icon='ue800' font='entypo-fontello' size='' av-medium-font-size-title='' av-small-font-size-title='' av-mini-font-size-title='' subheading_size='15' av-medium-font-size='' av-small-font-size='' av-mini-font-size='' icon_size='' av-medium-font-size-1='' av-small-font-size-1='' av-mini-font-size-1='' color='' custom_font='' subheading_color='' seperator_color='' icon_color='' margin='' margin_sync='true' padding='10' icon_padding='10' headline_padding='' headline_padding_sync='true' link='' link_target='' id='' custom_class='' template_class='' av_uid='av-joufrpob' sc_version='1.0' admin_preview_bg=''][\/av_heading]\r\n\r\n[av_textblock textblock_styling_align='' textblock_styling='' textblock_styling_gap='' textblock_styling_mobile='' size='' av-medium-font-size='' av-small-font-size='' av-mini-font-size='' font_color='' color='' id='' custom_class='' template_class='' av_uid='av-joufryv4' sc_version='1.0' admin_preview_bg='']\r\nDie Lagenwickeltechnik ist eine horizontale Wicklung \u00fcber mehrere Schichten mit hoher Pr\u00e4zision. Der Draht wird \u00fcber einen Drahtf\u00fchrer, der sich entlang der Wickelachse bewegt, um das Werkst\u00fcck gewunden. Hierzu kann je nach Drahtst\u00fcck und Anwendungsgebiet eine normale Wicklung stattfinden, oder eine spezielle wie Trapez, Lagenstopp oder Orthozyklisch.\r\nUnser Angebot erstreckt sich \u00fcber kleine robuste Tischmaschinen (FW022\/FW122...) bis hin zu gro\u00dfen fest montierten Maschinen mit gro\u00dfer Wickelbreite und massivem Reitstock (FW222-FW522)\r\n[\/av_textblock]\r\n\r\n[av_one_half first min_height='' vertical_alignment='av-align-top' space='' row_boxshadow_color='' row_boxshadow_width='10' margin='0px' margin_sync='true' mobile_breaking='' border='' border_color='' radius='0px' radius_sync='true' padding='0px' padding_sync='true' column_boxshadow_color='' column_boxshadow_width='10' background='bg_color' background_color='' background_gradient_color1='' background_gradient_color2='' background_gradient_direction='vertical' src='' attachment='' attachment_size='' background_position='top left' background_repeat='no-repeat' highlight_size='1.1' animation='' link='' linktarget='' link_hover='' title_attr='' alt_attr='' mobile_display='' id='' custom_class='' template_class='' aria_label='' av_uid='av-kou0qpdo' sc_version='1.0']\r\n[av_textblock size='' av-medium-font-size='' av-small-font-size='' av-mini-font-size='' font_color='' color='' id='' custom_class='' template_class='' av_uid='av-kou0q9lm' sc_version='1.0' admin_preview_bg='']\r\n<div class=\"column one-third column_column\">\r\n<div class=\"column_attr \">\r\n<div>\r\n<h2>FW 022 E&Z<\/h2>\r\nDie\u00a0<strong>FW022<\/strong>\u00a0besticht durch ihre Kompaktheit und Robustheit. Sowohl in\u00a0<strong>ein(E)<\/strong>-\/oder\u00a0<strong>zweispindeliger(Z)<\/strong>\u00a0Ausbaustufe.\r\n<ul>\r\n \t<li>Drahtdurchmesser von 0,01 mm bis 1,0mm.<\/li>\r\n \t<li>Genauigkeit der Drahtverlegung 0.001 mm.<\/li>\r\n \t<li>Anhaltegenauigkeit der Wickelspindel 1\/100 Umdr.<\/li>\r\n \t<li>Integrierter PC mit Echtzeit-\/Multithreadsystem.<\/li>\r\n \t<li>Frei programmierbar f\u00fcr h\u00f6chste Qualit\u00e4t und Flexibilit\u00e4t.<\/li>\r\n \t<li>Netzwerkf\u00e4higkeit f\u00fcr optimale Programmverwaltung und<\/li>\r\n \t<li>offline-Programmerstellung.<\/li>\r\n<\/ul>\r\n<strong>Reitstock optional<\/strong>\r\nHohe Pr\u00e4zision und lange Lebensdauer durch hochwertige\r\nKomponenten und IWT-Qualit\u00e4tsstandards.\r\n\r\n<\/div>\r\n<\/div>\r\n<\/div>\r\n<div class=\"ce-image ce-center ce-above\">\r\n<div class=\"ce-gallery\" data-ce-columns=\"2\" data-ce-images=\"4\">\r\n<div class=\"ce-outer\">\r\n<div class=\"ce-inner\">\r\n<div class=\"ce-row\">\r\n<div class=\"ce-column\"><\/div>\r\n<\/div>\r\n<\/div>\r\n<\/div>\r\n<\/div>\r\n<\/div>\r\n[\/av_textblock]\r\n[\/av_one_half]\r\n\r\n[av_one_half min_height='' vertical_alignment='av-align-top' space='' row_boxshadow='' row_boxshadow_color='' row_boxshadow_width='10' custom_margin='' margin='0px' mobile_breaking='' border='' border_color='' radius='0px' padding='0px' column_boxshadow='' column_boxshadow_color='' column_boxshadow_width='10' background='bg_color' background_color='' background_gradient_color1='' background_gradient_color2='' background_gradient_direction='vertical' src='' background_position='top left' background_repeat='no-repeat' highlight='' highlight_size='' animation='' link='' linktarget='' link_hover='' title_attr='' alt_attr='' mobile_display='' id='' custom_class='' template_class='' aria_label='' av_uid='av-21qjkh' sc_version='1.0']\r\n[av_slideshow size='portfolio' control_layout='av-control-default' conditional_play='' animation='slide' transition_speed='' autoplay='false' interval='5' img_scrset='' lazy_loading='disabled' alb_description='' id='' custom_class='' template_class='' av_uid='av-1vbrp5' sc_version='1.0']\r\n[av_slide slide_type='image' id='510' video='https:\/\/' mobile_image='' fallback_link='https:\/\/' title='' video_ratio='16:9' custom_title_size='' av-medium-font-size-title='' av-small-font-size-title='' av-mini-font-size-title='' custom_size='' av-medium-font-size='' av-small-font-size='' av-mini-font-size='' font_color='' custom_title='' custom_content='' heading_tag='' heading_class='' link_apply='' link='lightbox' link_target='' av_uid='av-bebwh' sc_version='1.0'][\/av_slide]\r\n\r\n\r\n[\/av_slideshow]\r\n[\/av_one_half]\r\n\r\n[av_one_half first min_height='' vertical_alignment='av-align-top' space='' row_boxshadow_color='' row_boxshadow_width='10' margin='0px' margin_sync='true' mobile_breaking='' border='' border_color='' radius='0px' radius_sync='true' padding='0px' padding_sync='true' column_boxshadow_color='' column_boxshadow_width='10' background='bg_color' background_color='' background_gradient_color1='' background_gradient_color2='' background_gradient_direction='vertical' src='' attachment='' attachment_size='' background_position='top left' background_repeat='no-repeat' highlight_size='1.1' animation='' link='' linktarget='' link_hover='' title_attr='' alt_attr='' mobile_display='' id='' custom_class='' template_class='' aria_label='' av_uid='av-etrkp' sc_version='1.0']\r\n[av_textblock textblock_styling_align='' textblock_styling='' textblock_styling_gap='' textblock_styling_mobile='' size='' av-medium-font-size='' av-small-font-size='' av-mini-font-size='' font_color='' color='' id='' custom_class='' template_class='' av_uid='av-l2yrjpcv' sc_version='1.0' admin_preview_bg='']\r\n<div class=\"column one-third column_column\">\r\n<div class=\"column_attr \">\r\n<div>\r\n<h2>FW 122 200\/400<\/h2>\r\nDie\u00a0<strong>FW122<\/strong>\u00a0kann f\u00fcr anspruchsvolle Aufgaben eingesetzt werden und ist trotzdem kompakt. Mit einer Verlegeausf\u00fchrung von 200 oder 400 mm ist sie f\u00fcr ein gro\u00dfes Spektrum an Einsatzm\u00f6glichkeiten ger\u00fcstet.\r\n<ul>\r\n \t<li>Genauigkeit der Drahtverlegung 0,001 mm<\/li>\r\n \t<li>Anhaltegenauigkeit der Wickelspindel 1\/100 Umdr.<\/li>\r\n \t<li>Frei programmierbar f\u00fcr h\u00f6chste Qualit\u00e4t und Flexibilit\u00e4t<\/li>\r\n \t<li>Netzwerkf\u00e4higkeit f\u00fcr optimale Programmverwaltung und offline-Programmerstellung - weltweit.<\/li>\r\n \t<li>Hohe Pr\u00e4zision und lange Lebensdauer durch hochwertige Komponenten und IWT- Qalit\u00e4tsstandard<\/li>\r\n<\/ul>\r\n<\/div>\r\n<\/div>\r\n<\/div>\r\n<div class=\"ce-image ce-center ce-above\">\r\n<div class=\"ce-gallery\" data-ce-columns=\"2\" data-ce-images=\"4\">\r\n<div class=\"ce-outer\">\r\n<div class=\"ce-inner\">\r\n<div class=\"ce-row\">\r\n<div class=\"ce-column\"><\/div>\r\n<\/div>\r\n<\/div>\r\n<\/div>\r\n<\/div>\r\n<\/div>\r\n[\/av_textblock]\r\n[\/av_one_half]\r\n\r\n[av_one_half min_height='' vertical_alignment='av-align-top' space='' row_boxshadow='' row_boxshadow_color='' row_boxshadow_width='10' custom_margin='' margin='0px' mobile_breaking='' border='' border_color='' radius='0px' padding='0px' column_boxshadow='' column_boxshadow_color='' column_boxshadow_width='10' background='bg_color' background_color='' background_gradient_color1='' background_gradient_color2='' background_gradient_direction='vertical' src='' background_position='top left' background_repeat='no-repeat' highlight='' highlight_size='' animation='' link='' linktarget='' link_hover='' title_attr='' alt_attr='' mobile_display='' id='' custom_class='' template_class='' aria_label='' av_uid='av-3xyaz5' sc_version='1.0']\r\n\r\n[av_slideshow size='portfolio' control_layout='av-control-default' conditional_play='' animation='slide' transition_speed='' autoplay='false' interval='5' img_scrset='' lazy_loading='disabled' alb_description='' id='' custom_class='' template_class='' av_uid='av-l2yrlqoe' sc_version='1.0']\r\n[av_slide id='545' av_uid='av-32vevt' slide_type='' video='https:\/\/' mobile_image='' fallback_link='https:\/\/' title='' video_ratio='16:9' video_autoplay='' video_controls='' video_mute='' video_loop='' custom_title_size='' av-medium-font-size-title='' av-small-font-size-title='' av-mini-font-size-title='' custom_size='' av-medium-font-size='' av-small-font-size='' av-mini-font-size='' font_color='' custom_title='' custom_content='' heading_tag='' heading_class='' link_apply='' link='' link_target='' sc_version='1.0'][\/av_slide]\r\n[av_slide id='541' av_uid='av-3s1mc9' slide_type='' video='https:\/\/' mobile_image='' fallback_link='https:\/\/' title='' video_ratio='16:9' video_autoplay='' video_controls='' video_mute='' video_loop='' custom_title_size='' av-medium-font-size-title='' av-small-font-size-title='' av-mini-font-size-title='' custom_size='' av-medium-font-size='' av-small-font-size='' av-mini-font-size='' font_color='' custom_title='' custom_content='' heading_tag='' heading_class='' link_apply='' link='' link_target='' sc_version='1.0'][\/av_slide]\r\n[av_slide id='542' av_uid='av-3lr4sh' slide_type='' video='https:\/\/' mobile_image='' fallback_link='https:\/\/' title='' video_ratio='16:9' video_autoplay='' video_controls='' video_mute='' video_loop='' custom_title_size='' av-medium-font-size-title='' av-small-font-size-title='' av-mini-font-size-title='' custom_size='' av-medium-font-size='' av-small-font-size='' av-mini-font-size='' font_color='' custom_title='' custom_content='' heading_tag='' heading_class='' link_apply='' link='' link_target='' sc_version='1.0'][\/av_slide]\r\n[av_slide id='543' av_uid='av-3fk6k1' slide_type='' video='https:\/\/' mobile_image='' fallback_link='https:\/\/' title='' video_ratio='16:9' video_autoplay='' video_controls='' video_mute='' video_loop='' custom_title_size='' av-medium-font-size-title='' av-small-font-size-title='' av-mini-font-size-title='' custom_size='' av-medium-font-size='' av-small-font-size='' av-mini-font-size='' font_color='' custom_title='' custom_content='' heading_tag='' heading_class='' link_apply='' link='' link_target='' sc_version='1.0'][\/av_slide]\r\n[av_slide id='544' av_uid='av-38pv9t' slide_type='' video='https:\/\/' mobile_image='' fallback_link='https:\/\/' title='' video_ratio='16:9' video_autoplay='' video_controls='' video_mute='' video_loop='' custom_title_size='' av-medium-font-size-title='' av-small-font-size-title='' av-mini-font-size-title='' custom_size='' av-medium-font-size='' av-small-font-size='' av-mini-font-size='' font_color='' custom_title='' custom_content='' heading_tag='' heading_class='' link_apply='' link='' link_target='' sc_version='1.0'][\/av_slide]\r\n[av_slide id='546' av_uid='av-2yngz5' slide_type='' video='https:\/\/' mobile_image='' fallback_link='https:\/\/' title='' video_ratio='16:9' video_autoplay='' video_controls='' video_mute='' video_loop='' custom_title_size='' av-medium-font-size-title='' av-small-font-size-title='' av-mini-font-size-title='' custom_size='' av-medium-font-size='' av-small-font-size='' av-mini-font-size='' font_color='' custom_title='' custom_content='' heading_tag='' heading_class='' link_apply='' link='' link_target='' sc_version='1.0'][\/av_slide]\r\n[\/av_slideshow]\r\n\r\n[\/av_one_half][av_one_half first min_height='' vertical_alignment='av-align-top' space='' row_boxshadow_color='' row_boxshadow_width='10' margin='0px' margin_sync='true' mobile_breaking='' border='' border_color='' radius='0px' radius_sync='true' padding='0px' padding_sync='true' column_boxshadow_color='' column_boxshadow_width='10' background='bg_color' background_color='' background_gradient_color1='' background_gradient_color2='' background_gradient_direction='vertical' src='' attachment='' attachment_size='' background_position='top left' background_repeat='no-repeat' highlight_size='1.1' animation='' link='' linktarget='' link_hover='' title_attr='' alt_attr='' mobile_display='' id='' custom_class='' template_class='' aria_label='' av_uid='av-2p7xzd' sc_version='1.0']\r\n[av_textblock textblock_styling_align='' textblock_styling='' textblock_styling_gap='' textblock_styling_mobile='' size='' av-medium-font-size='' av-small-font-size='' av-mini-font-size='' font_color='' color='' id='' custom_class='' template_class='' av_uid='av-l2yrrvdb' sc_version='1.0' admin_preview_bg='']\r\n<div class=\"column one-third column_column\">\r\n<div class=\"column_attr \">\r\n<div>\r\n<h2>FW222<\/h2>\r\nDie\u00a0<strong>FW222<\/strong>\u00a0ist die Gro\u00dfe Schwester mit standhaftem Tischaufbau und gro\u00dfer Verlegebreite.\r\n<ul>\r\n \t<li>Drahtdurchmesser von 0,01 mm bis 3,5 mm<\/li>\r\n \t<li>Genauigkeit der Drahtverlegung 0,001 mm<\/li>\r\n \t<li>Anhaltegenauigkeit der Wickelspindel 1\/100 Umdr.<\/li>\r\n \t<li>Frei programmierbar f\u00fcr h\u00f6chste Flexibilit\u00e4t<\/li>\r\n \t<li>Netzwerkf\u00e4higkeit f\u00fcr optimale Programmverwaltung und offline-Programmerstellung - weltweit<\/li>\r\n \t<li>30 cm TFT Display mit Touch Oberfl\u00e4che<\/li>\r\n \t<li>Hohe Pr\u00e4zision und lange Lebensdauer durch hochwertige Komponenten und IWT - Qualit\u00e4tsstandard<\/li>\r\n<\/ul>\r\n<\/div>\r\n<\/div>\r\n<\/div>\r\n<div class=\"ce-image ce-center ce-above\">\r\n<div class=\"ce-gallery\" data-ce-columns=\"2\" data-ce-images=\"4\">\r\n<div class=\"ce-outer\">\r\n<div class=\"ce-inner\">\r\n<div class=\"ce-row\">\r\n<div class=\"ce-column\"><\/div>\r\n<\/div>\r\n<\/div>\r\n<\/div>\r\n<\/div>\r\n<\/div>\r\n[\/av_textblock]\r\n[\/av_one_half]\r\n\r\n[av_one_half min_height='' vertical_alignment='av-align-top' space='' row_boxshadow='' row_boxshadow_color='' row_boxshadow_width='10' custom_margin='' margin='0px' mobile_breaking='' border='' border_color='' radius='0px' padding='0px' column_boxshadow='' column_boxshadow_color='' column_boxshadow_width='10' background='bg_color' background_color='' background_gradient_color1='' background_gradient_color2='' background_gradient_direction='vertical' src='' background_position='top left' background_repeat='no-repeat' highlight='' highlight_size='' animation='' link='' linktarget='' link_hover='' title_attr='' alt_attr='' mobile_display='' id='' custom_class='' template_class='' aria_label='' av_uid='av-2kuskp' sc_version='1.0']\r\n[av_slideshow size='portfolio' control_layout='av-control-default' conditional_play='' animation='slide' transition_speed='' autoplay='false' interval='5' img_scrset='' lazy_loading='disabled' alb_description='' id='' custom_class='' template_class='' av_uid='av-l2ys5hd8' sc_version='1.0']\r\n[av_slide id='547' av_uid='av-2egynl'][\/av_slide]\r\n[av_slide id='548' av_uid='av-29l3mx'][\/av_slide]\r\n[\/av_slideshow]\r\n[\/av_one_half]\r\n\r\n[av_one_half first min_height='' vertical_alignment='av-align-top' space='' row_boxshadow_color='' row_boxshadow_width='10' margin='0px' margin_sync='true' mobile_breaking='' border='' border_color='' radius='0px' radius_sync='true' padding='0px' padding_sync='true' column_boxshadow_color='' column_boxshadow_width='10' background='bg_color' background_color='' background_gradient_color1='' background_gradient_color2='' background_gradient_direction='vertical' src='' attachment='' attachment_size='' background_position='top left' background_repeat='no-repeat' highlight_size='1.1' animation='' link='' linktarget='' link_hover='' title_attr='' alt_attr='' mobile_display='' id='' custom_class='' template_class='' aria_label='' av_uid='av-23er09' sc_version='1.0']\r\n[av_textblock textblock_styling_align='' textblock_styling='' textblock_styling_gap='' textblock_styling_mobile='' size='' av-medium-font-size='' av-small-font-size='' av-mini-font-size='' font_color='' color='' id='' custom_class='' template_class='' av_uid='av-l2ys7fjn' sc_version='1.0' admin_preview_bg='']\r\n<div class=\"column one-third column_column\">\r\n<div class=\"column_attr \">\r\n<div>\r\n<h2>FW322<\/h2>\r\nDie FW322 ist der gro\u00dfe Bruder mit standhaftem Tischaufbau.\r\n<ul>\r\n \t<li>Motorleistung 4 kVA<\/li>\r\n \t<li>Drahtdurchmesser von 0,01 mm bis 5,0 mm<\/li>\r\n \t<li>Genauigkeit der Drahtverlegung 0,001 mm<\/li>\r\n \t<li>Anhaltegenauigkeit der Wickelspindel 1\/100 Umdr.<\/li>\r\n \t<li>Frei programmierbar f\u00fcr h\u00f6chste Flexibilit\u00e4t<\/li>\r\n \t<li>Netzwerkf\u00e4higkeit f\u00fcr optimale Programmverwaltung und offline- Programmerstellung.<\/li>\r\n<\/ul>\r\n<\/div>\r\n<\/div>\r\n<\/div>\r\n<div class=\"ce-image ce-center ce-above\">\r\n<div class=\"ce-gallery\" data-ce-columns=\"2\" data-ce-images=\"4\">\r\n<div class=\"ce-outer\">\r\n<div class=\"ce-inner\">\r\n<div class=\"ce-row\">\r\n<div class=\"ce-column\"><\/div>\r\n<\/div>\r\n<\/div>\r\n<\/div>\r\n<\/div>\r\n<\/div>\r\n[\/av_textblock]\r\n[\/av_one_half]\r\n\r\n[av_one_half min_height='' vertical_alignment='av-align-top' space='' row_boxshadow='' row_boxshadow_color='' row_boxshadow_width='10' custom_margin='' margin='0px' mobile_breaking='' border='' border_color='' radius='0px' padding='0px' column_boxshadow='' column_boxshadow_color='' column_boxshadow_width='10' background='bg_color' background_color='' background_gradient_color1='' background_gradient_color2='' background_gradient_direction='vertical' src='' background_position='top left' background_repeat='no-repeat' highlight='' highlight_size='' animation='' link='' linktarget='' link_hover='' title_attr='' alt_attr='' mobile_display='' id='' custom_class='' template_class='' aria_label='' av_uid='av-70x8h' sc_version='1.0']\r\n[av_slideshow size='portfolio' control_layout='av-control-default' conditional_play='' animation='slide' transition_speed='' autoplay='false' interval='5' img_scrset='' lazy_loading='disabled' alb_description='' id='' custom_class='' template_class='' av_uid='av-l2ys95xc' sc_version='1.0']\r\n[av_slide id='549' av_uid='av-1ojg69'][\/av_slide]\r\n[av_slide id='550' av_uid='av-1j0s61'][\/av_slide]\r\n[av_slide id='551' av_uid='av-1etb8h'][\/av_slide]\r\n[av_slide id='552' av_uid='av-16isbl'][\/av_slide]\r\n[av_slide id='553' av_uid='av-143qu1'][\/av_slide]\r\n[av_slide id='554' av_uid='av-xg8x5'][\/av_slide]\r\n[\/av_slideshow]\r\n[\/av_one_half]\r\n\r\n[av_one_half first min_height='' vertical_alignment='av-align-top' space='' row_boxshadow_color='' row_boxshadow_width='10' margin='0px' margin_sync='true' mobile_breaking='' border='' border_color='' radius='0px' radius_sync='true' padding='0px' padding_sync='true' column_boxshadow_color='' column_boxshadow_width='10' background='bg_color' background_color='' background_gradient_color1='' background_gradient_color2='' background_gradient_direction='vertical' src='' attachment='' attachment_size='' background_position='top left' background_repeat='no-repeat' highlight_size='1.1' animation='' link='' linktarget='' link_hover='' title_attr='' alt_attr='' mobile_display='' id='' custom_class='' template_class='' aria_label='' av_uid='av-2yc89' sc_version='1.0']\r\n[av_textblock textblock_styling_align='' textblock_styling='' textblock_styling_gap='' textblock_styling_mobile='' size='' av-medium-font-size='' av-small-font-size='' av-mini-font-size='' font_color='' color='' id='' custom_class='' template_class='' av_uid='av-l2ys9r4z' sc_version='1.0' admin_preview_bg='']\r\n<div class=\"column one-third column_column\">\r\n<div class=\"column_attr \">\r\n<div>\r\n<h2>FW422<\/h2>\r\nDie FW422 mit standhaftem Tischaufbau.\r\n<ul>\r\n \t<li>Motorleistung 4 kVA<\/li>\r\n \t<li>Dr\u00e4hte bis 300 mm\u00b2<\/li>\r\n \t<li>Genauigkeit der Drahtverlegung 0,001 mm<\/li>\r\n \t<li>Anhaltegenauigkeit der Wickelspindel 1\/100 Umdrehung<\/li>\r\n \t<li>Frei Programmierbar f\u00fcr h\u00f6chste Qualit\u00e4t und Flexibilit\u00e4t<\/li>\r\n \t<li>Netzwerkf\u00e4higkeit f\u00fcr optimale Programmverwaltung und offline-Programmerstellung<\/li>\r\n \t<li>Hohe Pr\u00e4zision und lange Lebensdauer durch hochwertige Komponenten und IWT -Qualit\u00e4tsstandard<\/li>\r\n<\/ul>\r\n<\/div>\r\n<\/div>\r\n<\/div>\r\n<div class=\"ce-image ce-center ce-above\">\r\n<div class=\"ce-gallery\" data-ce-columns=\"2\" data-ce-images=\"4\">\r\n<div class=\"ce-outer\">\r\n<div class=\"ce-inner\">\r\n<div class=\"ce-row\">\r\n<div class=\"ce-column\"><\/div>\r\n<\/div>\r\n<\/div>\r\n<\/div>\r\n<\/div>\r\n<\/div>\r\n[\/av_textblock]\r\n[\/av_one_half]\r\n\r\n[av_one_half min_height='' vertical_alignment='av-align-top' space='' row_boxshadow='' row_boxshadow_color='' row_boxshadow_width='10' custom_margin='' margin='0px' mobile_breaking='' border='' border_color='' radius='0px' padding='0px' column_boxshadow='' column_boxshadow_color='' column_boxshadow_width='10' background='bg_color' background_color='' background_gradient_color1='' background_gradient_color2='' background_gradient_direction='vertical' src='' background_position='top left' background_repeat='no-repeat' highlight='' highlight_size='' animation='' link='' linktarget='' link_hover='' title_attr='' alt_attr='' mobile_display='' id='' custom_class='' template_class='' aria_label='' av_uid='av-md2jt' sc_version='1.0']\r\n[av_slideshow size='portfolio' control_layout='av-control-default' conditional_play='' animation='slide' transition_speed='' autoplay='false' interval='5' img_scrset='' lazy_loading='disabled' alb_description='' id='' custom_class='' template_class='' av_uid='av-l2ysbglm' sc_version='1.0']\r\n[av_slide id='557' av_uid='av-g76w9'][\/av_slide]\r\n[av_slide id='558' av_uid='av-a6a95'][\/av_slide]\r\n[\/av_slideshow]\r\n[\/av_one_half]\r\n\r\n\n","protected":false},"excerpt":{"rendered":"","protected":false},"author":1,"featured_media":0,"parent":0,"menu_order":0,"comment_status":"closed","ping_status":"closed","template":"","meta":{"footnotes":""},"class_list":["post-383","page","type-page","status-publish","hentry"],"_links":{"self":[{"href":"https:\/\/www.iwt.gmbh\/de\/wp-json\/wp\/v2\/pages\/383","targetHints":{"allow":["GET"]}}],"collection":[{"href":"https:\/\/www.iwt.gmbh\/de\/wp-json\/wp\/v2\/pages"}],"about":[{"href":"https:\/\/www.iwt.gmbh\/de\/wp-json\/wp\/v2\/types\/page"}],"author":[{"embeddable":true,"href":"https:\/\/www.iwt.gmbh\/de\/wp-json\/wp\/v2\/users\/1"}],"replies":[{"embeddable":true,"href":"https:\/\/www.iwt.gmbh\/de\/wp-json\/wp\/v2\/comments?post=383"}],"version-history":[{"count":6,"href":"https:\/\/www.iwt.gmbh\/de\/wp-json\/wp\/v2\/pages\/383\/revisions"}],"predecessor-version":[{"id":435,"href":"https:\/\/www.iwt.gmbh\/de\/wp-json\/wp\/v2\/pages\/383\/revisions\/435"}],"wp:attachment":[{"href":"https:\/\/www.iwt.gmbh\/de\/wp-json\/wp\/v2\/media?parent=383"}],"curies":[{"name":"wp","href":"https:\/\/api.w.org\/{rel}","templated":true}]}}