{"id":31,"date":"2015-10-21T12:34:01","date_gmt":"2015-10-21T12:34:01","guid":{"rendered":"http:\/\/test.kriesi.at\/construction\/?page_id=31"},"modified":"2024-01-09T10:04:41","modified_gmt":"2024-01-09T09:04:41","slug":"company-history","status":"publish","type":"page","link":"https:\/\/www.iwt.gmbh\/de\/company-history\/","title":{"rendered":"Firmengeschichte"},"content":{"rendered":"\n<style type=\"text\/css\" data-created_by=\"avia_inline_auto\" id=\"style-css-av-jougujrk-874914add27cd758ea930ee759b1fd4d\">\n#top .av-special-heading.av-jougujrk-874914add27cd758ea930ee759b1fd4d{\npadding-bottom:10px;\n}\nbody .av-special-heading.av-jougujrk-874914add27cd758ea930ee759b1fd4d .av-special-heading-tag .heading-char{\nfont-size:25px;\n}\n.av-special-heading.av-jougujrk-874914add27cd758ea930ee759b1fd4d .av-subheading{\nfont-size:15px;\n}\n<\/style>\n<div  class='av-special-heading av-jougujrk-874914add27cd758ea930ee759b1fd4d av-special-heading-h3  avia-builder-el-0  el_before_av_section  avia-builder-el-no-sibling '><h3 class='av-special-heading-tag '  itemprop=\"headline\"  >Firmengeschichte<\/h3><div class=\"special-heading-border\"><div class=\"special-heading-inner-border\"><\/div><\/div><\/div>\n<\/div><\/div><\/div><!-- close content main div --><\/div><\/div>\n<style type=\"text\/css\" data-created_by=\"avia_inline_auto\" id=\"style-css-av-d9svf-b8dc8c22634e4d70c4770d0e8158f9ca\">\n.avia-section.av-d9svf-b8dc8c22634e4d70c4770d0e8158f9ca{\nbackground-color:#fcfcfc;\nbackground-image:unset;\n}\n<\/style>\n<div id='av_section_1'  class='avia-section av-d9svf-b8dc8c22634e4d70c4770d0e8158f9ca main_color avia-section-large avia-no-shadow  avia-builder-el-1  el_after_av_heading  avia-builder-el-last  avia-bg-style-scroll container_wrap sidebar_right'  ><div class='container av-section-cont-open' ><div class='template-page content  av-content-small alpha units'><div class='post-entry post-entry-type-page post-entry-31'><div class='entry-content-wrapper clearfix'>\n<section  class='av_textblock_section av-18mkz-56744425c2509219cba5b3d683f8954f '   itemscope=\"itemscope\" itemtype=\"https:\/\/schema.org\/CreativeWork\" ><div class='avia_textblock'  itemprop=\"text\" ><h3>Historie<\/h3>\n<h3>Die erste Wickelmaschine<\/h3>\n<div class=\"desc\">\n<p>Die erste Wickelmaschine FH 88 wurde 1949 (unter Frieseke &#038; Hoepfner) ausgeliefert.<br \/>\nMit unserer Erfahrung in der Mechanik, Elektronik und Software wurden die CNC- und PC-gesteuerten Wickelmaschinen der heutigen Modellreihen entwickelt, produziert und weltweit verkauft.<\/p>\n<h3>Die Firmengr\u00fcndung<\/h3>\n<div class=\"desc\">\n<p>Die Firmengr\u00fcndung erfolgte 1993 durch MBO aus dem Konzern FAG Kugelfischer KG mit Standort in Erlangen.<\/p>\n<h3>\u00dcbernahme der Produktlinie der Firma Calotron AG<\/h3>\n<div class=\"desc\">\n<p>Seit Ende der 90-iger Jahre hat sich die Teil- und Vollautomatisierung zu einem wichtigen Produktbereich entwickelt.<br \/>\nDurch \u00dcbernahme der Produktlinie der Firma Calotron AG im Jahr 2001 wurde die Produktpalette der Drahtwickelmaschinen durch die Bandwickeltechnik erweitert.<\/p>\n<h3>Maschinenprogramm der Firma Gebr\u00fcder Waasner Elektrotechnische Fabrik GmbH \u00fcbernommen<\/h3>\n<div class=\"desc\">\n<p>Im Jahre 2003 hat IWT das Maschinenprogramm der Firma Gebr\u00fcder Waasner Elektrotechnische Fabrik GmbH, bestehend aus Transformatorenkern, Schwei\u00dfmaschinen, Kernsteckautomaten und Handschachtelmaschinen \u00fcbernommen.<\/p>\n<h3>Neugr\u00fcndung<\/h3>\n<div class=\"desc\">\n<p>Im Jahr 2020 wurde IWT von Friedrich Mechanische Werkst\u00e4tten \u00fcbernommen.<\/p>\n<\/div>\n<\/div>\n<\/div>\n<\/div>\n<\/div>\n<\/div><\/section>\n<\/div><\/div><\/div><!-- close content main div --><\/div><\/div><div id='after_section_1'  class='main_color av_default_container_wrap container_wrap sidebar_right'  ><div class='container av-section-cont-open' ><div class='template-page content  av-content-small alpha units'><div class='post-entry post-entry-type-page post-entry-31'><div class='entry-content-wrapper clearfix'>\n","protected":false},"excerpt":{"rendered":"","protected":false},"author":1,"featured_media":0,"parent":0,"menu_order":0,"comment_status":"closed","ping_status":"closed","template":"","meta":{"footnotes":""},"class_list":["post-31","page","type-page","status-publish","hentry"],"_links":{"self":[{"href":"https:\/\/www.iwt.gmbh\/de\/wp-json\/wp\/v2\/pages\/31","targetHints":{"allow":["GET"]}}],"collection":[{"href":"https:\/\/www.iwt.gmbh\/de\/wp-json\/wp\/v2\/pages"}],"about":[{"href":"https:\/\/www.iwt.gmbh\/de\/wp-json\/wp\/v2\/types\/page"}],"author":[{"embeddable":true,"href":"https:\/\/www.iwt.gmbh\/de\/wp-json\/wp\/v2\/users\/1"}],"replies":[{"embeddable":true,"href":"https:\/\/www.iwt.gmbh\/de\/wp-json\/wp\/v2\/comments?post=31"}],"version-history":[{"count":17,"href":"https:\/\/www.iwt.gmbh\/de\/wp-json\/wp\/v2\/pages\/31\/revisions"}],"predecessor-version":[{"id":566,"href":"https:\/\/www.iwt.gmbh\/de\/wp-json\/wp\/v2\/pages\/31\/revisions\/566"}],"wp:attachment":[{"href":"https:\/\/www.iwt.gmbh\/de\/wp-json\/wp\/v2\/media?parent=31"}],"curies":[{"name":"wp","href":"https:\/\/api.w.org\/{rel}","templated":true}]}}